{"id":99,"date":"2020-11-26T14:37:15","date_gmt":"2020-11-26T13:37:15","guid":{"rendered":"http:\/\/dev42.wakemeup-dns.com\/neorem\/web\/?page_id=99"},"modified":"2025-11-06T16:02:41","modified_gmt":"2025-11-06T15:02:41","slug":"mentions-legales","status":"publish","type":"page","link":"https:\/\/neorem.fr\/?page_id=99","title":{"rendered":"Mentions l\u00e9gales"},"content":{"rendered":"\n<div class=\"wp-block-wmuneorem-tpl-1img-1txt-centre tpl-1img-1txt-centre-sup\"><div class=\"tpl-content\"><div class=\"tpl-picture\"><img src=\"http:\/\/neorem.fr\/app\/uploads\/2020\/12\/iStock-870219840-scaled.jpg\" alt=\"Mentions l\u00e9gales\"\/><\/div><div class=\"tpl-txt\"><header class=\"tpl-header\"><h1>Mentions l\u00e9gales<\/h1><\/header><div class=\"tpl-summary\"><p><br>Conform\u00e9ment \u00e0 la loi Informatique et Libert\u00e9s du 6 janvier 1978, vous disposez d&rsquo;un droit d&rsquo;acc\u00e8s, de modification, de rectification et de suppression des donn\u00e9es nominatives qui vous concernent, en adressant votre demande par courrier au si\u00e8ge social de la soci\u00e9t\u00e9.<br><\/p><\/div><\/div><\/div><\/div>\n","protected":false},"excerpt":{"rendered":"","protected":false},"author":1,"featured_media":0,"parent":0,"menu_order":0,"comment_status":"closed","ping_status":"closed","template":"","meta":[],"_links":{"self":[{"href":"https:\/\/neorem.fr\/index.php?rest_route=\/wp\/v2\/pages\/99"}],"collection":[{"href":"https:\/\/neorem.fr\/index.php?rest_route=\/wp\/v2\/pages"}],"about":[{"href":"https:\/\/neorem.fr\/index.php?rest_route=\/wp\/v2\/types\/page"}],"author":[{"embeddable":true,"href":"https:\/\/neorem.fr\/index.php?rest_route=\/wp\/v2\/users\/1"}],"replies":[{"embeddable":true,"href":"https:\/\/neorem.fr\/index.php?rest_route=%2Fwp%2Fv2%2Fcomments&post=99"}],"version-history":[{"count":15,"href":"https:\/\/neorem.fr\/index.php?rest_route=\/wp\/v2\/pages\/99\/revisions"}],"predecessor-version":[{"id":281,"href":"https:\/\/neorem.fr\/index.php?rest_route=\/wp\/v2\/pages\/99\/revisions\/281"}],"wp:attachment":[{"href":"https:\/\/neorem.fr\/index.php?rest_route=%2Fwp%2Fv2%2Fmedia&parent=99"}],"curies":[{"name":"wp","href":"https:\/\/api.w.org\/{rel}","templated":true}]}}